{"id":3030,"date":"2020-07-02T04:07:39","date_gmt":"2020-07-02T04:07:39","guid":{"rendered":"http:\/\/demo.yolotheme.com\/dummy\/motor\/?page_id=3030"},"modified":"2022-09-09T17:50:43","modified_gmt":"2022-09-09T17:50:43","slug":"home-1","status":"publish","type":"page","link":"https:\/\/www.casavaladas.com\/","title":{"rendered":"Home 1"},"content":{"rendered":"<p>[vc_row css=&#8221;.vc_custom_1454472625764{background-color: #f6f6f6 !important;}&#8221;][vc_column][rev_slider_vc alias=&#8221;slider-2&#8243;][\/vc_column][\/vc_row][vc_row css=&#8221;.vc_custom_1455876834402{padding-top: 5% !important;padding-bottom: 5% !important;}&#8221;][vc_column][vc_row_inner][vc_column_inner][vc_single_image image=&#8221;3183&#8243; img_size=&#8221;30&#215;30&#8243; alignment=&#8221;center&#8221;][vc_custom_heading text=&#8221;<strong>Motos<\/strong>&#8221; font_container=&#8221;tag:h2|text_align:center&#8221; use_theme_fonts=&#8221;yes&#8221;][vc_column_text css=&#8221;.vc_custom_1623773550868{margin-bottom: 5% !important;}&#8221;][\/vc_column_text][\/vc_column_inner][\/vc_row_inner][vc_row_inner][vc_column_inner]\n                            <div class=\"item-not-found\">No item found<\/div>\n            \n            [\/vc_column_inner][\/vc_row_inner][vc_row_inner][vc_column_inner][vc_single_image image=&#8221;3183&#8243; img_size=&#8221;30&#215;30&#8243; alignment=&#8221;center&#8221;][vc_custom_heading text=&#8221;<strong>Equipamentos &amp; Acess\u00f3rios<\/strong>&#8221; font_container=&#8221;tag:h2|text_align:center&#8221; use_theme_fonts=&#8221;yes&#8221;][vc_column_text css=&#8221;.vc_custom_1623773550868{margin-bottom: 5% !important;}&#8221;][\/vc_column_text][\/vc_column_inner][\/vc_row_inner][vc_row_inner][vc_column_inner]\n                            <div id = \"yolo-grid-69df3af4e6f4f\" class=\"shortcode-product-wrap grid row  \"  \n                    data-layout = \"fitRows\"\n                    data-currency_symbol = \"\u20ac\"\n                    data-sorting = \"false\"\n                >\n                    <div class=\"product-filters\">\r\n    <ul data-option-key=\"filter\" class=\"filter-center style_1\">\r\n                    <li>\r\n                <a class=\"selected\" href=\"#\" data-option-value=\"*\">Todas<\/a>\r\n            <\/li>\r\n                                <li>\r\n                    <a href=\"#\" data-option-value=\".product_cat-acessorios\">Acess\u00f3rios<\/a>\r\n                <\/li>\r\n                                <li>\r\n                    <a href=\"#\" data-option-value=\".product_cat-equipamentos\">Equipamentos<\/a>\r\n                <\/li>\r\n                            <\/ul>\r\n<\/div>\r\n\r\n\r\n\r\n<div class=\"woocommerce product-listing grid columns-4\">\r\n            <div class=\"product-item-wrap mobile_columns1 button-has-tooltip product-style_1 post-3301 product type-product status-publish has-post-thumbnail product_cat-acessorios first instock shipping-taxable purchasable product-type-simple\">\r\n        <div class=\"product-item-inner\">\r\n        <div class=\"product-thumb\">\r\n            <div class=\"product-flash-wrap\">\n\n\n<\/div>\n            <div class=\"product-thumb-one\">\n                <img width=\"300\" height=\"300\" src=\"https:\/\/www.casavaladas.com\/wp-content\/uploads\/2022\/03\/rtech_protecao-300x300.jpg\" class=\"attachment-woocommerce_thumbnail size-woocommerce_thumbnail\" alt=\"\" loading=\"lazy\" srcset=\"https:\/\/www.casavaladas.com\/wp-content\/uploads\/2022\/03\/rtech_protecao-300x300.jpg 300w, https:\/\/www.casavaladas.com\/wp-content\/uploads\/2022\/03\/rtech_protecao-1024x1024.jpg 1024w, https:\/\/www.casavaladas.com\/wp-content\/uploads\/2022\/03\/rtech_protecao-150x150.jpg 150w, https:\/\/www.casavaladas.com\/wp-content\/uploads\/2022\/03\/rtech_protecao-768x768.jpg 768w, https:\/\/www.casavaladas.com\/wp-content\/uploads\/2022\/03\/rtech_protecao-1536x1536.jpg 1536w, https:\/\/www.casavaladas.com\/wp-content\/uploads\/2022\/03\/rtech_protecao-2048x2048.jpg 2048w, https:\/\/www.casavaladas.com\/wp-content\/uploads\/2022\/03\/rtech_protecao-600x600.jpg 600w, https:\/\/www.casavaladas.com\/wp-content\/uploads\/2022\/03\/rtech_protecao-100x100.jpg 100w\" sizes=\"(max-width: 300px) 100vw, 300px\" \/>            <\/div>\n        <a class=\"product-link\" href=\"https:\/\/www.casavaladas.com\/?product=proteccao-de-maos-rtech\">\n\t<div class=\"product-hover-sign\">\n\t\t<hr>\n\t\t<hr>\n\t<\/div>\n<\/a>\t\t\t\r\n        <\/div>\r\n        <div class=\"product-info\">\r\n            <div class=\"product-actions\">\r\n                <a data-toggle=\"\" data-placement=\"top\" title=\"Quick view\" class=\"product-quick-view\" data-product_id=\"3301\" href=\"https:\/\/www.casavaladas.com\/?product=proteccao-de-maos-rtech\"><i class=\"fa fa-search\"><\/i>Quick view<\/a>            <\/div>\r\n            \n\t<div class=\"star-rating \" title=\"Not yet rated\"><span style=\"width:0%\"><strong class=\"rating\">0<\/strong> out of 5<\/span><\/div>\n\t<span class=\"price\"><span class=\"woocommerce-Price-amount amount\"><bdi>36.00<span class=\"woocommerce-Price-currencySymbol\">&euro;<\/span><\/bdi><\/span><\/span>\n<a href=\"https:\/\/www.casavaladas.com\/?product=proteccao-de-maos-rtech\" ><h3>Protec\u00e7\u00e3o de M\u00e3os Rtech<\/h3><\/a>        <\/div>\r\n\r\n    <\/div>\r\n<\/div>            <div class=\"product-item-wrap mobile_columns1 button-has-tooltip product-style_1 post-3305 product type-product status-publish has-post-thumbnail product_cat-equipamentos  instock shipping-taxable purchasable product-type-simple\">\r\n        <div class=\"product-item-inner\">\r\n        <div class=\"product-thumb\">\r\n            <div class=\"product-flash-wrap\">\n\n\n<\/div>\n            <div class=\"product-thumb-one\">\n                <img width=\"300\" height=\"300\" src=\"https:\/\/www.casavaladas.com\/wp-content\/uploads\/2022\/03\/capacete_airoh-300x300.jpg\" class=\"attachment-woocommerce_thumbnail size-woocommerce_thumbnail\" alt=\"\" loading=\"lazy\" srcset=\"https:\/\/www.casavaladas.com\/wp-content\/uploads\/2022\/03\/capacete_airoh-300x300.jpg 300w, https:\/\/www.casavaladas.com\/wp-content\/uploads\/2022\/03\/capacete_airoh-1024x1024.jpg 1024w, https:\/\/www.casavaladas.com\/wp-content\/uploads\/2022\/03\/capacete_airoh-150x150.jpg 150w, https:\/\/www.casavaladas.com\/wp-content\/uploads\/2022\/03\/capacete_airoh-768x768.jpg 768w, https:\/\/www.casavaladas.com\/wp-content\/uploads\/2022\/03\/capacete_airoh-600x600.jpg 600w, https:\/\/www.casavaladas.com\/wp-content\/uploads\/2022\/03\/capacete_airoh-100x100.jpg 100w, https:\/\/www.casavaladas.com\/wp-content\/uploads\/2022\/03\/capacete_airoh.jpg 1500w\" sizes=\"(max-width: 300px) 100vw, 300px\" \/>            <\/div>\n        <a class=\"product-link\" href=\"https:\/\/www.casavaladas.com\/?product=capacete-airoh-twist\">\n\t<div class=\"product-hover-sign\">\n\t\t<hr>\n\t\t<hr>\n\t<\/div>\n<\/a>\t\t\t\r\n        <\/div>\r\n        <div class=\"product-info\">\r\n            <div class=\"product-actions\">\r\n                <a data-toggle=\"\" data-placement=\"top\" title=\"Quick view\" class=\"product-quick-view\" data-product_id=\"3305\" href=\"https:\/\/www.casavaladas.com\/?product=capacete-airoh-twist\"><i class=\"fa fa-search\"><\/i>Quick view<\/a>            <\/div>\r\n            \n\t<div class=\"star-rating \" title=\"Not yet rated\"><span style=\"width:0%\"><strong class=\"rating\">0<\/strong> out of 5<\/span><\/div>\n\t<span class=\"price\"><span class=\"woocommerce-Price-amount amount\"><bdi>230.00<span class=\"woocommerce-Price-currencySymbol\">&euro;<\/span><\/bdi><\/span><\/span>\n<a href=\"https:\/\/www.casavaladas.com\/?product=capacete-airoh-twist\" ><h3>Capacete Airoh twist<\/h3><\/a>        <\/div>\r\n\r\n    <\/div>\r\n<\/div>            <div class=\"product-item-wrap mobile_columns1 button-has-tooltip product-style_1 post-3311 product type-product status-publish has-post-thumbnail product_cat-equipamentos  instock shipping-taxable purchasable product-type-simple\">\r\n        <div class=\"product-item-inner\">\r\n        <div class=\"product-thumb\">\r\n            <div class=\"product-flash-wrap\">\n\n\n<\/div>\n            <div class=\"product-thumb-one\">\n                <img width=\"300\" height=\"300\" src=\"https:\/\/www.casavaladas.com\/wp-content\/uploads\/2022\/03\/botas_alpinestars-300x300.jpg\" class=\"attachment-woocommerce_thumbnail size-woocommerce_thumbnail\" alt=\"\" loading=\"lazy\" srcset=\"https:\/\/www.casavaladas.com\/wp-content\/uploads\/2022\/03\/botas_alpinestars-300x300.jpg 300w, https:\/\/www.casavaladas.com\/wp-content\/uploads\/2022\/03\/botas_alpinestars-1024x1024.jpg 1024w, https:\/\/www.casavaladas.com\/wp-content\/uploads\/2022\/03\/botas_alpinestars-150x150.jpg 150w, https:\/\/www.casavaladas.com\/wp-content\/uploads\/2022\/03\/botas_alpinestars-768x768.jpg 768w, https:\/\/www.casavaladas.com\/wp-content\/uploads\/2022\/03\/botas_alpinestars-600x600.jpg 600w, https:\/\/www.casavaladas.com\/wp-content\/uploads\/2022\/03\/botas_alpinestars-100x100.jpg 100w, https:\/\/www.casavaladas.com\/wp-content\/uploads\/2022\/03\/botas_alpinestars.jpg 1500w\" sizes=\"(max-width: 300px) 100vw, 300px\" \/>            <\/div>\n        <a class=\"product-link\" href=\"https:\/\/www.casavaladas.com\/?product=botas-alpinestars-tech-5\">\n\t<div class=\"product-hover-sign\">\n\t\t<hr>\n\t\t<hr>\n\t<\/div>\n<\/a>\t\t\t\r\n        <\/div>\r\n        <div class=\"product-info\">\r\n            <div class=\"product-actions\">\r\n                <a data-toggle=\"\" data-placement=\"top\" title=\"Quick view\" class=\"product-quick-view\" data-product_id=\"3311\" href=\"https:\/\/www.casavaladas.com\/?product=botas-alpinestars-tech-5\"><i class=\"fa fa-search\"><\/i>Quick view<\/a>            <\/div>\r\n            \n\t<div class=\"star-rating \" title=\"Not yet rated\"><span style=\"width:0%\"><strong class=\"rating\">0<\/strong> out of 5<\/span><\/div>\n\t<span class=\"price\"><span class=\"woocommerce-Price-amount amount\"><bdi>319.00<span class=\"woocommerce-Price-currencySymbol\">&euro;<\/span><\/bdi><\/span><\/span>\n<a href=\"https:\/\/www.casavaladas.com\/?product=botas-alpinestars-tech-5\" ><h3>Botas Alpinestars Tech 5<\/h3><\/a>        <\/div>\r\n\r\n    <\/div>\r\n<\/div>            <div class=\"product-item-wrap mobile_columns1 button-has-tooltip product-style_1 post-3329 product type-product status-publish has-post-thumbnail product_cat-equipamentos last instock shipping-taxable purchasable product-type-simple\">\r\n        <div class=\"product-item-inner\">\r\n        <div class=\"product-thumb\">\r\n            <div class=\"product-flash-wrap\">\n\n\n<\/div>\n            <div class=\"product-thumb-primary\">\n                <img width=\"300\" height=\"300\" src=\"https:\/\/www.casavaladas.com\/wp-content\/uploads\/2022\/04\/IMG20220402164415-300x300.jpg\" class=\"attachment-woocommerce_thumbnail size-woocommerce_thumbnail\" alt=\"\" loading=\"lazy\" srcset=\"https:\/\/www.casavaladas.com\/wp-content\/uploads\/2022\/04\/IMG20220402164415-300x300.jpg 300w, https:\/\/www.casavaladas.com\/wp-content\/uploads\/2022\/04\/IMG20220402164415-1024x1024.jpg 1024w, https:\/\/www.casavaladas.com\/wp-content\/uploads\/2022\/04\/IMG20220402164415-150x150.jpg 150w, https:\/\/www.casavaladas.com\/wp-content\/uploads\/2022\/04\/IMG20220402164415-768x768.jpg 768w, https:\/\/www.casavaladas.com\/wp-content\/uploads\/2022\/04\/IMG20220402164415-1536x1536.jpg 1536w, https:\/\/www.casavaladas.com\/wp-content\/uploads\/2022\/04\/IMG20220402164415-2048x2048.jpg 2048w, https:\/\/www.casavaladas.com\/wp-content\/uploads\/2022\/04\/IMG20220402164415-600x600.jpg 600w, https:\/\/www.casavaladas.com\/wp-content\/uploads\/2022\/04\/IMG20220402164415-100x100.jpg 100w\" sizes=\"(max-width: 300px) 100vw, 300px\" \/>            <\/div>\n        <a class=\"product-link\" href=\"https:\/\/www.casavaladas.com\/?product=capacete-airoh-twist-2\">\n\t<div class=\"product-hover-sign\">\n\t\t<hr>\n\t\t<hr>\n\t<\/div>\n<\/a>\t\t\t\r\n        <\/div>\r\n        <div class=\"product-info\">\r\n            <div class=\"product-actions\">\r\n                <a data-toggle=\"\" data-placement=\"top\" title=\"Quick view\" class=\"product-quick-view\" data-product_id=\"3329\" href=\"https:\/\/www.casavaladas.com\/?product=capacete-airoh-twist-2\"><i class=\"fa fa-search\"><\/i>Quick view<\/a>            <\/div>\r\n            \n\t<div class=\"star-rating \" title=\"Not yet rated\"><span style=\"width:0%\"><strong class=\"rating\">0<\/strong> out of 5<\/span><\/div>\n\t<span class=\"price\"><span class=\"woocommerce-Price-amount amount\"><bdi>230.00<span class=\"woocommerce-Price-currencySymbol\">&euro;<\/span><\/bdi><\/span><\/span>\n<a href=\"https:\/\/www.casavaladas.com\/?product=capacete-airoh-twist-2\" ><h3>Capacete Airoh Twist<\/h3><\/a>        <\/div>\r\n\r\n    <\/div>\r\n<\/div>            <div class=\"product-item-wrap mobile_columns1 button-has-tooltip product-style_1 post-3342 product type-product status-publish has-post-thumbnail product_cat-equipamentos first instock shipping-taxable purchasable product-type-simple\">\r\n        <div class=\"product-item-inner\">\r\n        <div class=\"product-thumb\">\r\n            <div class=\"product-flash-wrap\">\n\n\n<\/div>\n            <div class=\"product-thumb-one\">\n                <img width=\"300\" height=\"300\" src=\"https:\/\/www.casavaladas.com\/wp-content\/uploads\/2022\/04\/CAPACETE-SPRINT-300x300.jpg\" class=\"attachment-woocommerce_thumbnail size-woocommerce_thumbnail\" alt=\"\" loading=\"lazy\" srcset=\"https:\/\/www.casavaladas.com\/wp-content\/uploads\/2022\/04\/CAPACETE-SPRINT-300x300.jpg 300w, https:\/\/www.casavaladas.com\/wp-content\/uploads\/2022\/04\/CAPACETE-SPRINT-1024x1024.jpg 1024w, https:\/\/www.casavaladas.com\/wp-content\/uploads\/2022\/04\/CAPACETE-SPRINT-150x150.jpg 150w, https:\/\/www.casavaladas.com\/wp-content\/uploads\/2022\/04\/CAPACETE-SPRINT-768x768.jpg 768w, https:\/\/www.casavaladas.com\/wp-content\/uploads\/2022\/04\/CAPACETE-SPRINT-600x600.jpg 600w, https:\/\/www.casavaladas.com\/wp-content\/uploads\/2022\/04\/CAPACETE-SPRINT-100x100.jpg 100w, https:\/\/www.casavaladas.com\/wp-content\/uploads\/2022\/04\/CAPACETE-SPRINT.jpg 1125w\" sizes=\"(max-width: 300px) 100vw, 300px\" \/>            <\/div>\n        <a class=\"product-link\" href=\"https:\/\/www.casavaladas.com\/?product=capacete-sprint-easy-modular\">\n\t<div class=\"product-hover-sign\">\n\t\t<hr>\n\t\t<hr>\n\t<\/div>\n<\/a>\t\t\t\r\n        <\/div>\r\n        <div class=\"product-info\">\r\n            <div class=\"product-actions\">\r\n                <a data-toggle=\"\" data-placement=\"top\" title=\"Quick view\" class=\"product-quick-view\" data-product_id=\"3342\" href=\"https:\/\/www.casavaladas.com\/?product=capacete-sprint-easy-modular\"><i class=\"fa fa-search\"><\/i>Quick view<\/a>            <\/div>\r\n            \n\t<div class=\"star-rating \" title=\"Not yet rated\"><span style=\"width:0%\"><strong class=\"rating\">0<\/strong> out of 5<\/span><\/div>\n\t<span class=\"price\"><span class=\"woocommerce-Price-amount amount\"><bdi>129.00<span class=\"woocommerce-Price-currencySymbol\">&euro;<\/span><\/bdi><\/span><\/span>\n<a href=\"https:\/\/www.casavaladas.com\/?product=capacete-sprint-easy-modular\" ><h3>Capacete Sprint Easy Modular<\/h3><\/a>        <\/div>\r\n\r\n    <\/div>\r\n<\/div>            <div class=\"product-item-wrap mobile_columns1 button-has-tooltip product-style_1 post-3344 product type-product status-publish has-post-thumbnail product_cat-equipamentos  instock shipping-taxable purchasable product-type-simple\">\r\n        <div class=\"product-item-inner\">\r\n        <div class=\"product-thumb\">\r\n            <div class=\"product-flash-wrap\">\n\n\n<\/div>\n            <div class=\"product-thumb-one\">\n                <img width=\"300\" height=\"300\" src=\"https:\/\/www.casavaladas.com\/wp-content\/uploads\/2022\/04\/CAPACETE-NAVA-300x300.jpg\" class=\"attachment-woocommerce_thumbnail size-woocommerce_thumbnail\" alt=\"\" loading=\"lazy\" srcset=\"https:\/\/www.casavaladas.com\/wp-content\/uploads\/2022\/04\/CAPACETE-NAVA-300x300.jpg 300w, https:\/\/www.casavaladas.com\/wp-content\/uploads\/2022\/04\/CAPACETE-NAVA-1024x1024.jpg 1024w, https:\/\/www.casavaladas.com\/wp-content\/uploads\/2022\/04\/CAPACETE-NAVA-150x150.jpg 150w, https:\/\/www.casavaladas.com\/wp-content\/uploads\/2022\/04\/CAPACETE-NAVA-768x768.jpg 768w, https:\/\/www.casavaladas.com\/wp-content\/uploads\/2022\/04\/CAPACETE-NAVA-600x600.jpg 600w, https:\/\/www.casavaladas.com\/wp-content\/uploads\/2022\/04\/CAPACETE-NAVA-100x100.jpg 100w, https:\/\/www.casavaladas.com\/wp-content\/uploads\/2022\/04\/CAPACETE-NAVA.jpg 1125w\" sizes=\"(max-width: 300px) 100vw, 300px\" \/>            <\/div>\n        <a class=\"product-link\" href=\"https:\/\/www.casavaladas.com\/?product=capacete-nava-comet-integral\">\n\t<div class=\"product-hover-sign\">\n\t\t<hr>\n\t\t<hr>\n\t<\/div>\n<\/a>\t\t\t\r\n        <\/div>\r\n        <div class=\"product-info\">\r\n            <div class=\"product-actions\">\r\n                <a data-toggle=\"\" data-placement=\"top\" title=\"Quick view\" class=\"product-quick-view\" data-product_id=\"3344\" href=\"https:\/\/www.casavaladas.com\/?product=capacete-nava-comet-integral\"><i class=\"fa fa-search\"><\/i>Quick view<\/a>            <\/div>\r\n            \n\t<div class=\"star-rating \" title=\"Not yet rated\"><span style=\"width:0%\"><strong class=\"rating\">0<\/strong> out of 5<\/span><\/div>\n\t<span class=\"price\"><span class=\"woocommerce-Price-amount amount\"><bdi>120.00<span class=\"woocommerce-Price-currencySymbol\">&euro;<\/span><\/bdi><\/span><\/span>\n<a href=\"https:\/\/www.casavaladas.com\/?product=capacete-nava-comet-integral\" ><h3>Capacete Nava Comet Integral<\/h3><\/a>        <\/div>\r\n\r\n    <\/div>\r\n<\/div>    <\/div>\r\n\r\n\r\n<!-- @TODO: need move it to main.js file -->\r\n<script type=\"text\/javascript\">\r\n    jQuery(document).ready(function ($) {\r\n        var currency_symbol = '\u20ac';\r\n        var sorting = false;\r\n\r\n        \/*Click filter*\/\r\n        $('.bt-order').on('click',function(){\r\n            $(this).closest('.shortcode-product-wrap').find('.product-sort').slideToggle(300);\r\n            $(this).toggleClass('selected');\r\n\r\n        });\r\n\r\n        \/\/ init Isotope\r\n        var $container = $('.product-listing').isotope({ \/\/ parent element of .item\r\n            itemSelector: '.product-item-wrap',\r\n            layoutMode: 'fitRows',\r\n            getSortData: {\r\n                \/\/ title: '.product-info h3 a',\r\n                title: function (itemElem){\r\n                    var title = $(itemElem).find('.product-info h3').text();\r\n                    return title;\r\n                },\r\n                price: function (itemElem) {\r\n                    var weight = $(itemElem).find('.price ins .amount').text();\r\n                    var weight2 = $(itemElem).find('.price .amount').text();\r\n                    var weight3 = $(itemElem).find('.price ins .amount').first().text();\r\n                    if(weight3){\r\n                        weight = parseFloat(weight3.replace(currency_symbol, ''));\r\n                    } else if (weight) {\r\n                        weight = parseFloat(weight.replace(currency_symbol, ''));\r\n                    } else if (weight2) {\r\n                        weight = parseFloat(weight2.replace(currency_symbol, ''));\r\n                    } else {\r\n                        weight = 0;\r\n                    }\r\n                    return weight;\r\n                },\r\n                onsale: function (itemElem) {\r\n                    var onsale = $(itemElem).find('.onsale').text();\r\n                    return onsale;\r\n                }\r\n            }\r\n        });\r\n\r\n        if(sorting == true) {\r\n            var sortByValue = '';\r\n            \/\/ bind sort button click\r\n            $('.product-sort .list-sort').click(function () {\r\n                var selected = $('.select-asc-desc option[selected=\"selected\"]').val();\r\n                if(selected == 'false') {\r\n                    selected = false;\r\n                }\r\n                sortByValue = $(this).val();\r\n\r\n                $(this).find('option').removeAttr('selected');\r\n                $('.list-sort option').each(function(){\r\n                    if(sortByValue == $(this).val()){\r\n                        $(this).attr('selected','selected');\r\n                    }\r\n                });\r\n                $container.isotope({\r\n                    sortBy: sortByValue,\r\n                    sortAscending: selected\r\n                });\r\n                \/\/ sortByValue = $(this).attr('data-sort-by');\r\n                \r\n                \/\/ $('.list-sort li').removeClass('active');\r\n                \/\/ $(this).addClass('active');\r\n                \/\/ $container.isotope({\r\n                \/\/     sortBy: sortByValue,\r\n                \/\/     sortAscending: selected\r\n                \/\/ });\r\n            });\r\n            \/* default SortBy*\/\r\n            var sortByValue = $('.list-sort option[selected=\"selected\"]').val();\r\n            if(sortByValue == 'false'){\r\n                sortByValue = false;\r\n            }\r\n            $container.isotope({\r\n                 sortBy: sortByValue\r\n            });\r\n            \/* select asc or desc*\/\r\n            $('.select-asc-desc').change(function(){\r\n                var selected = $(this).val();\r\n                $(this).find('option').removeAttr('selected');\r\n                $('.select-asc-desc option').each(function(){\r\n                    if(selected == $(this).val()){\r\n                        $(this).attr('selected','selected');\r\n                    }\r\n                });\r\n                if(selected == 'false'){\r\n                    selected = false;\r\n                }\r\n                $container.isotope({\r\n                    sortBy: sortByValue,\r\n                    sortAscending: selected\r\n                });\r\n            });\r\n\r\n            \/* default*\/\r\n            var default_selected = $('.select-asc-desc option[selected=\"selected\"]').val();\r\n            if(default_selected == 'false'){\r\n                default_selected = false;\r\n            }\r\n            $container.isotope({\r\n                sortAscending: default_selected\r\n            });\r\n        }\r\n    });\r\n<\/script>                <\/div>\n            \n            [\/vc_column_inner][\/vc_row_inner][\/vc_column][\/vc_row][vc_row css=&#8221;.vc_custom_1458121737197{margin-bottom: 2% !important;}&#8221;][vc_column][vc_single_image image=&#8221;3183&#8243; img_size=&#8221;30&#215;30&#8243; alignment=&#8221;center&#8221;][vc_custom_heading text=&#8221;<strong>\u00daltimas Not\u00edcias<\/strong>&#8221; font_container=&#8221;tag:h2|text_align:center&#8221; use_theme_fonts=&#8221;yes&#8221;][vc_row_inner][vc_column_inner]  \r\n                    <div class=\"item-not-found\">No item found<\/div>\r\n                [\/vc_column_inner][\/vc_row_inner][\/vc_column][\/vc_row]<\/p>\n","protected":false},"excerpt":{"rendered":"<p>[vc_row css=&#8221;.vc_custom_1454472625764{background-color: #f6f6f6 !important;}&#8221;][vc_column][rev_slider_vc alias=&#8221;slider-2&#8243;][\/vc_column][\/vc_row][vc_row css=&#8221;.vc_custom_1455876834402{padding-top: 5% !important;padding-bottom: 5% !important;}&#8221;][vc_column][vc_row_inner][vc_column_inner][vc_single_image image=&#8221;3183&#8243; img_size=&#8221;30&#215;30&#8243; alignment=&#8221;center&#8221;][vc_custom_heading text=&#8221;Motos&#8221; font_container=&#8221;tag:h2|text_align:center&#8221; use_theme_fonts=&#8221;yes&#8221;][vc_column_text css=&#8221;.vc_custom_1623773550868{margin-bottom: 5% !important;}&#8221;][\/vc_column_text][\/vc_column_inner][\/vc_row_inner][vc_row_inner][vc_column_inner][\/vc_column_inner][\/vc_row_inner][vc_row_inner][vc_column_inner][vc_single_image image=&#8221;3183&#8243; img_size=&#8221;30&#215;30&#8243; alignment=&#8221;center&#8221;][vc_custom_heading text=&#8221;Equipamentos &amp; Acess\u00f3rios&#8221; font_container=&#8221;tag:h2|text_align:center&#8221; use_theme_fonts=&#8221;yes&#8221;][vc_column_text css=&#8221;.vc_custom_1623773550868{margin-bottom: 5% !important;}&#8221;][\/vc_column_text][\/vc_column_inner][\/vc_row_inner][vc_row_inner][vc_column_inner][\/vc_column_inner][\/vc_row_inner][\/vc_column][\/vc_row][vc_row css=&#8221;.vc_custom_1458121737197{margin-bottom: 2% !important;}&#8221;][vc_column][vc_single_image image=&#8221;3183&#8243; img_size=&#8221;30&#215;30&#8243; alignment=&#8221;center&#8221;][vc_custom_heading text=&#8221;\u00daltimas Not\u00edcias&#8221; font_container=&#8221;tag:h2|text_align:center&#8221; use_theme_fonts=&#8221;yes&#8221;][vc_row_inner][vc_column_inner][\/vc_column_inner][\/vc_row_inner][\/vc_column][\/vc_row]<\/p>\n","protected":false},"author":1,"featured_media":0,"parent":0,"menu_order":0,"comment_status":"closed","ping_status":"closed","template":"","meta":{"_mi_skip_tracking":false},"_links":{"self":[{"href":"https:\/\/www.casavaladas.com\/index.php?rest_route=\/wp\/v2\/pages\/3030"}],"collection":[{"href":"https:\/\/www.casavaladas.com\/index.php?rest_route=\/wp\/v2\/pages"}],"about":[{"href":"https:\/\/www.casavaladas.com\/index.php?rest_route=\/wp\/v2\/types\/page"}],"author":[{"embeddable":true,"href":"https:\/\/www.casavaladas.com\/index.php?rest_route=\/wp\/v2\/users\/1"}],"replies":[{"embeddable":true,"href":"https:\/\/www.casavaladas.com\/index.php?rest_route=%2Fwp%2Fv2%2Fcomments&post=3030"}],"version-history":[{"count":35,"href":"https:\/\/www.casavaladas.com\/index.php?rest_route=\/wp\/v2\/pages\/3030\/revisions"}],"predecessor-version":[{"id":3363,"href":"https:\/\/www.casavaladas.com\/index.php?rest_route=\/wp\/v2\/pages\/3030\/revisions\/3363"}],"wp:attachment":[{"href":"https:\/\/www.casavaladas.com\/index.php?rest_route=%2Fwp%2Fv2%2Fmedia&parent=3030"}],"curies":[{"name":"wp","href":"https:\/\/api.w.org\/{rel}","templated":true}]}}