{"id":3077,"date":"2021-02-04T08:22:40","date_gmt":"2021-02-04T08:22:40","guid":{"rendered":"http:\/\/demo.yolotheme.com\/dummy\/motor\/?page_id=3077"},"modified":"2022-03-31T15:29:09","modified_gmt":"2022-03-31T15:29:09","slug":"about-us-2","status":"publish","type":"page","link":"https:\/\/www.casavaladas.com\/?page_id=3077","title":{"rendered":"Sobre N\u00f3s"},"content":{"rendered":"<p>[vc_row css=&#8221;.vc_custom_1460598748644{margin-top: 7% !important;padding-top: 9% !important;padding-right: 4% !important;padding-bottom: 11% !important;padding-left: 4% !important;background-color: #ffffff !important;}&#8221; el_class=&#8221;our-story&#8221;][vc_column width=&#8221;1\/6&#8243; css=&#8221;.vc_custom_1458898034152{background-color: #ffffff !important;}&#8221;][\/vc_column][vc_column width=&#8221;4\/6&#8243;][vc_row_inner][vc_column_inner offset=&#8221;vc_hidden-sm vc_hidden-xs&#8221; css=&#8221;.vc_custom_1460609166120{margin-bottom: -7% !important;}&#8221;][vc_custom_heading text=&#8221;A nossa hist\u00f3ria&#8221; font_container=&#8221;tag:h2|font_size:70px|text_align:center|color:%23f7f7f7&#8243; use_theme_fonts=&#8221;yes&#8221; css=&#8221;.vc_custom_1623785549862{margin-top: 0px !important;margin-bottom: 0px !important;}&#8221; el_class=&#8221;heading-our-team&#8221;][\/vc_column_inner][\/vc_row_inner][vc_row_inner][vc_column_inner][vc_custom_heading text=&#8221;A nossa hist\u00f3ria&#8221; font_container=&#8221;tag:h3|font_size:30px|text_align:center|color:%23222222&#8243; use_theme_fonts=&#8221;yes&#8221; css=&#8221;.vc_custom_1623785719418{margin-top: 0px !important;margin-bottom: 11% !important;}&#8221; el_class=&#8221;heading-our-team&#8221;][\/vc_column_inner][\/vc_row_inner][vc_column_text]A paix\u00e3o sobre rodas nasce pela m\u00e3o do sr\u00ba Joaquim Valadas Paix\u00e3o , que ap\u00f3s o aparecimento das motorizadas nacionais na d\u00e9cada de 60 come\u00e7ou a trabalhar no sector.<br \/>\nA paix\u00e3o por aquilo que fazia estendeu se ao seu irm\u00e3o Jo\u00e3o Martins Valadas Paix\u00e3o o qual se tornou s\u00f3cio e assim criaram a firma Casa Valadas , Com\u00e9rcio de ve\u00edculos motorizados, Lda.<br \/>\nA empresa que inicialmente estava dedicada ao sector das duas rodas, motorizadas nacionais e bicicletas, alargou a sua diversidade de produtos para Moto serras , ro\u00e7adores e todos os produtos ligados \u00e1 Marca Stihl, e tamb\u00e9m outros produtos motorizados tal como motobombas de combust\u00e3o e el\u00e9tricas e todos os seus acess\u00f3rios.<br \/>\nCom a dedica\u00e7\u00e3o que sempre caracterizou os S\u00f3cios da Casa Valadas no ramo das 2 rodas no princ\u00edpio de 1990 a empresa tornou-se um dos primeiros concession\u00e1rios de motos Suzuki do sul do pa\u00eds.<br \/>\nEssa Paix\u00e3o foi transmitida a toda a fam\u00edlia e em 2002 deu entrada de mais 2 s\u00f3cios e tamb\u00e9m teve lugar a introdu\u00e7\u00e3o de produtos e equipamentos n\u00e1uticos.<br \/>\nCom a evolu\u00e7\u00e3o dos tempos e a exig\u00eancia dos nossos clientes a empresa \u00e9 hoje representante das seguintes marcas:<br \/>\nSUZUKI, SYM, STIHL, entre outras marcas de acess\u00f3rios de cada sector.<br \/>\nA paix\u00e3o sobre rodas continua\u2026[\/vc_column_text][vc_empty_space height=&#8221;15px&#8221;][vc_gallery interval=&#8221;3&#8243; images=&#8221;3164,3215,3214&#8243; img_size=&#8221;medium&#8221;][\/vc_column][vc_column width=&#8221;1\/6&#8243;][\/vc_column][\/vc_row]<\/p>\n","protected":false},"excerpt":{"rendered":"<p>[vc_row css=&#8221;.vc_custom_1460598748644{margin-top: 7% !important;padding-top: 9% !important;padding-right: 4% !important;padding-bottom: 11% !important;padding-left: 4% !important;background-color: #ffffff !important;}&#8221; el_class=&#8221;our-story&#8221;][vc_column width=&#8221;1\/6&#8243; css=&#8221;.vc_custom_1458898034152{background-color: #ffffff !important;}&#8221;][\/vc_column][vc_column width=&#8221;4\/6&#8243;][vc_row_inner][vc_column_inner offset=&#8221;vc_hidden-sm vc_hidden-xs&#8221; css=&#8221;.vc_custom_1460609166120{margin-bottom: -7% !important;}&#8221;][vc_custom_heading text=&#8221;A nossa hist\u00f3ria&#8221; font_container=&#8221;tag:h2|font_size:70px|text_align:center|color:%23f7f7f7&#8243; use_theme_fonts=&#8221;yes&#8221; css=&#8221;.vc_custom_1623785549862{margin-top: 0px !important;margin-bottom: 0px !important;}&#8221; el_class=&#8221;heading-our-team&#8221;][\/vc_column_inner][\/vc_row_inner][vc_row_inner][vc_column_inner][vc_custom_heading text=&#8221;A nossa hist\u00f3ria&#8221; font_container=&#8221;tag:h3|font_size:30px|text_align:center|color:%23222222&#8243; use_theme_fonts=&#8221;yes&#8221; css=&#8221;.vc_custom_1623785719418{margin-top: 0px !important;margin-bottom: 11% !important;}&#8221; el_class=&#8221;heading-our-team&#8221;][\/vc_column_inner][\/vc_row_inner][vc_column_text]A paix\u00e3o sobre rodas nasce pela m\u00e3o do sr\u00ba&#8230;<\/p>\n","protected":false},"author":1,"featured_media":0,"parent":0,"menu_order":0,"comment_status":"closed","ping_status":"closed","template":"","meta":{"_mi_skip_tracking":false},"_links":{"self":[{"href":"https:\/\/www.casavaladas.com\/index.php?rest_route=\/wp\/v2\/pages\/3077"}],"collection":[{"href":"https:\/\/www.casavaladas.com\/index.php?rest_route=\/wp\/v2\/pages"}],"about":[{"href":"https:\/\/www.casavaladas.com\/index.php?rest_route=\/wp\/v2\/types\/page"}],"author":[{"embeddable":true,"href":"https:\/\/www.casavaladas.com\/index.php?rest_route=\/wp\/v2\/users\/1"}],"replies":[{"embeddable":true,"href":"https:\/\/www.casavaladas.com\/index.php?rest_route=%2Fwp%2Fv2%2Fcomments&post=3077"}],"version-history":[{"count":15,"href":"https:\/\/www.casavaladas.com\/index.php?rest_route=\/wp\/v2\/pages\/3077\/revisions"}],"predecessor-version":[{"id":3314,"href":"https:\/\/www.casavaladas.com\/index.php?rest_route=\/wp\/v2\/pages\/3077\/revisions\/3314"}],"wp:attachment":[{"href":"https:\/\/www.casavaladas.com\/index.php?rest_route=%2Fwp%2Fv2%2Fmedia&parent=3077"}],"curies":[{"name":"wp","href":"https:\/\/api.w.org\/{rel}","templated":true}]}}